{"id":5476,"date":"2025-05-19T11:37:46","date_gmt":"2025-05-19T11:37:46","guid":{"rendered":"https:\/\/escamillafinancial.com\/?page_id=5476"},"modified":"2025-05-19T11:37:46","modified_gmt":"2025-05-19T11:37:46","slug":"descompte-financer-3","status":"publish","type":"page","link":"https:\/\/escamillafinancial.com\/ca\/descompte-financer-3\/","title":{"rendered":"Descompte Financer"},"content":{"rendered":"<section class=\"wpb-content-wrapper\"><p>[vc_row full_width=&#8221;stretch_row&#8221; css=&#8221;.vc_custom_1693910765328{margin-bottom: 0px !important;background: #f7f7f7 url(https:\/\/escamillafinancial.com\/wp-content\/uploads\/2023\/09\/pagares_escamilla_financial_service.jpg?id=4892) !important;background-position: center !important;background-repeat: no-repeat !important;background-size: cover !important;}&#8221; el_class=&#8221;padding-top-lg-100 padding-bottom-lg-100 padding-top-xs-50 padding-bottom-xs-50&#8243; row_bg_overlay=&#8221;rgba(216,68,56,0.75)&#8221;][vc_column][vc_custom_heading text=&#8221;DESCOMPTE <b>FINANCER<\/b>&#8221; font_container=&#8221;tag:h2|font_size:48|text_align:left|color:%23ffffff|line_height:1.2&#8243; use_theme_fonts=&#8221;yes&#8221; css=&#8221;.vc_custom_1690386308412{margin-bottom: 30px !important;}&#8221; el_class=&#8221;wow fadeInUp&#8221;][vc_row_inner][vc_column_inner el_class=&#8221;wow fadeInUp&#8221; width=&#8221;1\/2&#8243;][\/vc_column_inner][vc_column_inner width=&#8221;1\/2&#8243;][\/vc_column_inner][\/vc_row_inner][\/vc_column][\/vc_row][vc_row][vc_column][vc_empty_space height=&#8221;68&#8243;][vc_column_text]A Escamilla Financial Services, oferim serveis de descomptes financers especialitzats per ajudar les empreses a obtenir els fons necessaris.<\/p>\n<p>Entenem les necessitats \u00faniques de cada empresa i treballem de manera personalitzada per oferir les millors solucions de descompte financer. Amb els nostres serveis de descomptes financers, les empreses poden optimitzar el seu flux de caixa i millorar la seva capacitat de pagament i els seus cobraments.[\/vc_column_text][\/vc_column][\/vc_row][vc_row el_class=&#8221;heli-faq&#8221; css=&#8221;.vc_custom_1690279810322{margin-bottom: 80px !important;padding-top: 100px !important;}&#8221;][vc_column offset=&#8221;vc_col-md-6&#8243; css=&#8221;.vc_custom_1448617824436{margin-bottom: 50px !important;}&#8221;][thememove_icon type=&#8221;pe7stroke&#8221; icon_pe7stroke=&#8221;pe-7s-comment&#8221; size=&#8221;90px&#8221; custom_color=&#8221;#222222&#8243; el_class=&#8221;float-left&#8221;][vc_custom_heading text=&#8221;<b>Financiaci\u00f3<\/b> Privada&#8221; font_container=&#8221;tag:h2|font_size:32|text_align:left|color:%23222222|line_height:1&#8243; use_theme_fonts=&#8221;yes&#8221; tm_text_transform=&#8221;uppercase&#8221; css=&#8221;.vc_custom_1686121027690{margin-bottom: 10px !important;}&#8221;][vc_custom_heading text=&#8221;estudi sense comprom\u00eds&#8221; font_container=&#8221;tag:h2|font_size:16|text_align:left|color:%23222222&#8243; use_theme_fonts=&#8221;yes&#8221; tm_text_transform=&#8221;uppercase&#8221; tm_font_weight=&#8221;400&#8243; css=&#8221;.vc_custom_1686121050807{margin-bottom: 40px !important;}&#8221;][vc_column_text][\/vc_column_text][vc_column_text]<\/p>\n<ul class=\"heli-listing\">\n<li>Resposta en 24hores<\/li>\n<li>Realitzaci\u00f3 r\u00e0pida i senzilla<\/li>\n<li>Minimitzaci\u00f3 de tr\u00e0mits<\/li>\n<\/ul>\n<p>[\/vc_column_text][\/vc_column][vc_column offset=&#8221;vc_col-md-6&#8243;][vc_btn title=&#8221;SOL\u00b7LICITAR INFORMACI\u00d3&#8221; style=&#8221;outline-custom&#8221; outline_custom_color=&#8221;#222222&#8243; outline_custom_hover_background=&#8221;#222222&#8243; outline_custom_hover_text=&#8221;#ffffff&#8221; link=&#8221;url:mailto%3Ainfo%40escamillafinancial.com&#8221;][vc_column_text css=&#8221;.vc_custom_1690275535619{margin-top: 30px !important;}&#8221;]<\/p>\n<h3><b>SEU<\/b> CENTRAL<\/h3>\n<div class=\"office\"><i class=\"pe-7s-call\"><\/i> 938720476<br \/>\n<i class=\"pe-7s-mail-open-file\"><\/i> info@escamillafinancial.com<br \/>\n<i class=\"pe-7s-map-2\"><\/i> Passeig Pere III, 14-16, 4t 2a. 08242, Manresa<\/div>\n<p>[\/vc_column_text][\/vc_column][\/vc_row]<\/p>\n<\/section>","protected":false},"excerpt":{"rendered":"<p>[vc_row full_width=&#8221;stretch_row&#8221; css=&#8221;.vc_custom_1693910765328{margin-bottom: 0px !important;background: #f7f7f7 url(https:\/\/escamillafinancial.com\/wp-content\/uploads\/2023\/09\/pagares_escamilla_financial_service.jpg?id=4892) !important;background-position: center !important;background-repeat: no-repeat !important;background-size: cover !important;}&#8221; el_class=&#8221;padding-top-lg-100 padding-bottom-lg-100 padding-top-xs-50 padding-bottom-xs-50&#8243; row_bg_overlay=&#8221;rgba(216,68,56,0.75)&#8221;][vc_column][vc_custom_heading text=&#8221;DESCOMPTE FINANCER&#8221; font_container=&#8221;tag:h2|font_size:48|text_align:left|color:%23ffffff|line_height:1.2&#8243; use_theme_fonts=&#8221;yes&#8221; css=&#8221;.vc_custom_1690386308412{margin-bottom: 30px !important;}&#8221; el_class=&#8221;wow fadeInUp&#8221;][vc_row_inner][vc_column_inner el_class=&#8221;wow fadeInUp&#8221; width=&#8221;1\/2&#8243;][\/vc_column_inner][vc_column_inner width=&#8221;1\/2&#8243;][\/vc_column_inner][\/vc_row_inner][\/vc_column][\/vc_row][vc_row][vc_column][vc_empty_space height=&#8221;68&#8243;][vc_column_text]A Escamilla Financial Services, oferim serveis de descomptes financers especialitzats per ajudar les empreses a obtenir els fons necessaris. Entenem les necessitats \u00faniques de cada empresa i treballem de manera personalitzada per oferir les millors solucions de descompte financer. Amb els nostres serveis de descomptes financers, les empreses poden optimitzar el seu flux de caixa i millorar la seva capacitat de pagament i els seus cobraments.[\/vc_column_text][\/vc_column][\/vc_row][vc_row el_class=&#8221;heli-faq&#8221; css=&#8221;.vc_custom_1690279810322{margin-bottom: 80px !important;padding-top: 100px !important;}&#8221;][vc_column offset=&#8221;vc_col-md-6&#8243; css=&#8221;.vc_custom_1448617824436{margin-bottom: 50px !important;}&#8221;][thememove_icon type=&#8221;pe7stroke&#8221; icon_pe7stroke=&#8221;pe-7s-comment&#8221; size=&#8221;90px&#8221; custom_color=&#8221;#222222&#8243; el_class=&#8221;float-left&#8221;][vc_custom_heading text=&#8221;Financiaci\u00f3 Privada&#8221; font_container=&#8221;tag:h2|font_size:32|text_align:left|color:%23222222|line_height:1&#8243; use_theme_fonts=&#8221;yes&#8221; tm_text_transform=&#8221;uppercase&#8221; css=&#8221;.vc_custom_1686121027690{margin-bottom: 10px !important;}&#8221;][vc_custom_heading text=&#8221;estudi sense comprom\u00eds&#8221; font_container=&#8221;tag:h2|font_size:16|text_align:left|color:%23222222&#8243; use_theme_fonts=&#8221;yes&#8221; tm_text_transform=&#8221;uppercase&#8221; tm_font_weight=&#8221;400&#8243; css=&#8221;.vc_custom_1686121050807{margin-bottom: 40px !important;}&#8221;][vc_column_text][\/vc_column_text][vc_column_text] Resposta en 24hores Realitzaci\u00f3 r\u00e0pida i senzilla Minimitzaci\u00f3 de tr\u00e0mits [\/vc_column_text][\/vc_column][vc_column offset=&#8221;vc_col-md-6&#8243;][vc_btn title=&#8221;SOL\u00b7LICITAR INFORMACI\u00d3&#8221; style=&#8221;outline-custom&#8221; outline_custom_color=&#8221;#222222&#8243; outline_custom_hover_background=&#8221;#222222&#8243; outline_custom_hover_text=&#8221;#ffffff&#8221; link=&#8221;url:mailto%3Ainfo%40escamillafinancial.com&#8221;][vc_column_text css=&#8221;.vc_custom_1690275535619{margin-top: 30px !important;}&#8221;] SEU CENTRAL 938720476 info@escamillafinancial.com Passeig Pere III, 14-16, 4t 2a. 08242, Manresa [\/vc_column_text][\/vc_column][\/vc_row]<\/p>\n","protected":false},"author":2,"featured_media":0,"parent":0,"menu_order":0,"comment_status":"closed","ping_status":"closed","template":"","meta":{"_monsterinsights_skip_tracking":false,"_monsterinsights_sitenote_active":false,"_monsterinsights_sitenote_note":"","_monsterinsights_sitenote_category":0,"footnotes":""},"class_list":["post-5476","page","type-page","status-publish","hentry"],"yoast_head":"<!-- This site is optimized with the Yoast SEO plugin v24.4 - https:\/\/yoast.com\/wordpress\/plugins\/seo\/ -->\n<title>Descompte Financer \u00b7 Escamilla Financial Services<\/title>\n<meta name=\"description\" content=\"Descompte Financer \u00b7 Escamilla Financial Services \u00b7 Especialitzats per ajudar les empreses a obtenir els fons necessaris.\" \/>\n<meta name=\"robots\" content=\"index, follow, max-snippet:-1, max-image-preview:large, max-video-preview:-1\" \/>\n<link rel=\"canonical\" href=\"https:\/\/escamillafinancial.com\/ca\/descompte-financer-3\/\" \/>\n<meta property=\"og:locale\" content=\"ca_ES\" \/>\n<meta property=\"og:type\" content=\"article\" \/>\n<meta property=\"og:title\" content=\"Descompte Financer \u00b7 Escamilla Financial Services\" \/>\n<meta property=\"og:description\" content=\"Descompte Financer \u00b7 Escamilla Financial Services \u00b7 Especialitzats per ajudar les empreses a obtenir els fons necessaris.\" \/>\n<meta property=\"og:url\" content=\"https:\/\/escamillafinancial.com\/ca\/descompte-financer-3\/\" \/>\n<meta property=\"og:site_name\" content=\"Escamilla Financial Services\" \/>\n<meta name=\"twitter:card\" content=\"summary_large_image\" \/>\n<meta name=\"twitter:label1\" content=\"Temps estimat de lectura\" \/>\n\t<meta name=\"twitter:data1\" content=\"1 minut\" \/>\n<script type=\"application\/ld+json\" class=\"yoast-schema-graph\">{\"@context\":\"https:\/\/schema.org\",\"@graph\":[{\"@type\":\"WebPage\",\"@id\":\"https:\/\/escamillafinancial.com\/ca\/descompte-financer-3\/\",\"url\":\"https:\/\/escamillafinancial.com\/ca\/descompte-financer-3\/\",\"name\":\"Descompte Financer \u00b7 Escamilla Financial Services\",\"isPartOf\":{\"@id\":\"https:\/\/escamillafinancial.com\/#website\"},\"datePublished\":\"2025-05-19T11:37:46+00:00\",\"description\":\"Descompte Financer \u00b7 Escamilla Financial Services \u00b7 Especialitzats per ajudar les empreses a obtenir els fons necessaris.\",\"breadcrumb\":{\"@id\":\"https:\/\/escamillafinancial.com\/ca\/descompte-financer-3\/#breadcrumb\"},\"inLanguage\":\"ca\",\"potentialAction\":[{\"@type\":\"ReadAction\",\"target\":[\"https:\/\/escamillafinancial.com\/ca\/descompte-financer-3\/\"]}]},{\"@type\":\"BreadcrumbList\",\"@id\":\"https:\/\/escamillafinancial.com\/ca\/descompte-financer-3\/#breadcrumb\",\"itemListElement\":[{\"@type\":\"ListItem\",\"position\":1,\"name\":\"Portada\",\"item\":\"https:\/\/escamillafinancial.com\/ca\/\"},{\"@type\":\"ListItem\",\"position\":2,\"name\":\"Descompte Financer\"}]},{\"@type\":\"WebSite\",\"@id\":\"https:\/\/escamillafinancial.com\/#website\",\"url\":\"https:\/\/escamillafinancial.com\/\",\"name\":\"Escamilla Financial Services\",\"description\":\"L&#039;alternativa financera al sistema bancari - Descompte de pagar\u00e9s - Descompte financer. - Pr\u00e9stecs - Assessorament financer - Hipoteques\",\"publisher\":{\"@id\":\"https:\/\/escamillafinancial.com\/#organization\"},\"potentialAction\":[{\"@type\":\"SearchAction\",\"target\":{\"@type\":\"EntryPoint\",\"urlTemplate\":\"https:\/\/escamillafinancial.com\/?s={search_term_string}\"},\"query-input\":{\"@type\":\"PropertyValueSpecification\",\"valueRequired\":true,\"valueName\":\"search_term_string\"}}],\"inLanguage\":\"ca\"},{\"@type\":\"Organization\",\"@id\":\"https:\/\/escamillafinancial.com\/#organization\",\"name\":\"Escamilla Financial Services\",\"url\":\"https:\/\/escamillafinancial.com\/\",\"logo\":{\"@type\":\"ImageObject\",\"inLanguage\":\"ca\",\"@id\":\"https:\/\/escamillafinancial.com\/#\/schema\/logo\/image\/\",\"url\":\"https:\/\/escamillafinancial.com\/wp-content\/uploads\/2023\/07\/logo-escamilla_60cm.png\",\"contentUrl\":\"https:\/\/escamillafinancial.com\/wp-content\/uploads\/2023\/07\/logo-escamilla_60cm.png\",\"width\":1701,\"height\":941,\"caption\":\"Escamilla Financial Services\"},\"image\":{\"@id\":\"https:\/\/escamillafinancial.com\/#\/schema\/logo\/image\/\"}}]}<\/script>\n<!-- \/ Yoast SEO plugin. -->","yoast_head_json":{"title":"Descompte Financer \u00b7 Escamilla Financial Services","description":"Descompte Financer \u00b7 Escamilla Financial Services \u00b7 Especialitzats per ajudar les empreses a obtenir els fons necessaris.","robots":{"index":"index","follow":"follow","max-snippet":"max-snippet:-1","max-image-preview":"max-image-preview:large","max-video-preview":"max-video-preview:-1"},"canonical":"https:\/\/escamillafinancial.com\/ca\/descompte-financer-3\/","og_locale":"ca_ES","og_type":"article","og_title":"Descompte Financer \u00b7 Escamilla Financial Services","og_description":"Descompte Financer \u00b7 Escamilla Financial Services \u00b7 Especialitzats per ajudar les empreses a obtenir els fons necessaris.","og_url":"https:\/\/escamillafinancial.com\/ca\/descompte-financer-3\/","og_site_name":"Escamilla Financial Services","twitter_card":"summary_large_image","twitter_misc":{"Temps estimat de lectura":"1 minut"},"schema":{"@context":"https:\/\/schema.org","@graph":[{"@type":"WebPage","@id":"https:\/\/escamillafinancial.com\/ca\/descompte-financer-3\/","url":"https:\/\/escamillafinancial.com\/ca\/descompte-financer-3\/","name":"Descompte Financer \u00b7 Escamilla Financial Services","isPartOf":{"@id":"https:\/\/escamillafinancial.com\/#website"},"datePublished":"2025-05-19T11:37:46+00:00","description":"Descompte Financer \u00b7 Escamilla Financial Services \u00b7 Especialitzats per ajudar les empreses a obtenir els fons necessaris.","breadcrumb":{"@id":"https:\/\/escamillafinancial.com\/ca\/descompte-financer-3\/#breadcrumb"},"inLanguage":"ca","potentialAction":[{"@type":"ReadAction","target":["https:\/\/escamillafinancial.com\/ca\/descompte-financer-3\/"]}]},{"@type":"BreadcrumbList","@id":"https:\/\/escamillafinancial.com\/ca\/descompte-financer-3\/#breadcrumb","itemListElement":[{"@type":"ListItem","position":1,"name":"Portada","item":"https:\/\/escamillafinancial.com\/ca\/"},{"@type":"ListItem","position":2,"name":"Descompte Financer"}]},{"@type":"WebSite","@id":"https:\/\/escamillafinancial.com\/#website","url":"https:\/\/escamillafinancial.com\/","name":"Escamilla Financial Services","description":"L&#039;alternativa financera al sistema bancari - Descompte de pagar\u00e9s - Descompte financer. - Pr\u00e9stecs - Assessorament financer - Hipoteques","publisher":{"@id":"https:\/\/escamillafinancial.com\/#organization"},"potentialAction":[{"@type":"SearchAction","target":{"@type":"EntryPoint","urlTemplate":"https:\/\/escamillafinancial.com\/?s={search_term_string}"},"query-input":{"@type":"PropertyValueSpecification","valueRequired":true,"valueName":"search_term_string"}}],"inLanguage":"ca"},{"@type":"Organization","@id":"https:\/\/escamillafinancial.com\/#organization","name":"Escamilla Financial Services","url":"https:\/\/escamillafinancial.com\/","logo":{"@type":"ImageObject","inLanguage":"ca","@id":"https:\/\/escamillafinancial.com\/#\/schema\/logo\/image\/","url":"https:\/\/escamillafinancial.com\/wp-content\/uploads\/2023\/07\/logo-escamilla_60cm.png","contentUrl":"https:\/\/escamillafinancial.com\/wp-content\/uploads\/2023\/07\/logo-escamilla_60cm.png","width":1701,"height":941,"caption":"Escamilla Financial Services"},"image":{"@id":"https:\/\/escamillafinancial.com\/#\/schema\/logo\/image\/"}}]}},"rttpg_featured_image_url":null,"rttpg_author":{"display_name":"Escamilla Financial","author_link":"https:\/\/escamillafinancial.com\/ca\/author\/silviaescamilla-cat\/"},"rttpg_comment":0,"rttpg_category":" <a href=\"https:\/\/escamillafinancial.com\/ca\/?taxonomy=translation_priority&#038;term=optional\" rel=\"tag\">Optional<\/a>","rttpg_excerpt":"[vc_row full_width=&#8221;stretch_row&#8221; css=&#8221;.vc_custom_1693910765328{margin-bottom: 0px !important;background: #f7f7f7 url(https:\/\/escamillafinancial.com\/wp-content\/uploads\/2023\/09\/pagares_escamilla_financial_service.jpg?id=4892) !important;background-position: center !important;background-repeat: no-repeat !important;background-size: cover !important;}&#8221; el_class=&#8221;padding-top-lg-100 padding-bottom-lg-100 padding-top-xs-50 padding-bottom-xs-50&#8243; row_bg_overlay=&#8221;rgba(216,68,56,0.75)&#8221;][vc_column][vc_custom_heading text=&#8221;DESCOMPTE FINANCER&#8221; font_container=&#8221;tag:h2|font_size:48|text_align:left|color:%23ffffff|line_height:1.2&#8243; use_theme_fonts=&#8221;yes&#8221; css=&#8221;.vc_custom_1690386308412{margin-bottom: 30px !important;}&#8221; el_class=&#8221;wow fadeInUp&#8221;][vc_row_inner][vc_column_inner el_class=&#8221;wow fadeInUp&#8221; width=&#8221;1\/2&#8243;][\/vc_column_inner][vc_column_inner width=&#8221;1\/2&#8243;][\/vc_column_inner][\/vc_row_inner][\/vc_column][\/vc_row][vc_row][vc_column][vc_empty_space height=&#8221;68&#8243;][vc_column_text]A Escamilla Financial Services, oferim serveis de descomptes financers especialitzats per ajudar les empreses a obtenir els fons necessaris. Entenem les necessitats \u00faniques&hellip;","_links":{"self":[{"href":"https:\/\/escamillafinancial.com\/ca\/wp-json\/wp\/v2\/pages\/5476","targetHints":{"allow":["GET"]}}],"collection":[{"href":"https:\/\/escamillafinancial.com\/ca\/wp-json\/wp\/v2\/pages"}],"about":[{"href":"https:\/\/escamillafinancial.com\/ca\/wp-json\/wp\/v2\/types\/page"}],"author":[{"embeddable":true,"href":"https:\/\/escamillafinancial.com\/ca\/wp-json\/wp\/v2\/users\/2"}],"replies":[{"embeddable":true,"href":"https:\/\/escamillafinancial.com\/ca\/wp-json\/wp\/v2\/comments?post=5476"}],"version-history":[{"count":1,"href":"https:\/\/escamillafinancial.com\/ca\/wp-json\/wp\/v2\/pages\/5476\/revisions"}],"predecessor-version":[{"id":5486,"href":"https:\/\/escamillafinancial.com\/ca\/wp-json\/wp\/v2\/pages\/5476\/revisions\/5486"}],"wp:attachment":[{"href":"https:\/\/escamillafinancial.com\/ca\/wp-json\/wp\/v2\/media?parent=5476"}],"curies":[{"name":"wp","href":"https:\/\/api.w.org\/{rel}","templated":true}]}}