{"id":465,"date":"2015-09-25T09:36:16","date_gmt":"2015-09-25T09:36:16","guid":{"rendered":"https:\/\/heli.thememove.com\/?page_id=465"},"modified":"2023-09-14T10:02:18","modified_gmt":"2023-09-14T10:02:18","slug":"serveis","status":"publish","type":"page","link":"https:\/\/escamillafinancial.com\/ca\/serveis\/","title":{"rendered":"Els Nostres Serveis"},"content":{"rendered":"<section class=\"wpb-content-wrapper\"><p>[vc_row full_width=&#8221;stretch_row&#8221; css=&#8221;.vc_custom_1690279788171{margin-bottom: 0px !important;background: #f7f7f7 url(https:\/\/escamillafinancial.com\/wp-content\/uploads\/2023\/07\/escamilla3-1.png?id=4597) !important;background-position: center !important;background-repeat: no-repeat !important;background-size: cover !important;}&#8221; el_class=&#8221;padding-top-lg-100 padding-bottom-lg-100 padding-top-xs-50 padding-bottom-xs-50&#8243; row_bg_overlay=&#8221;rgba(216,68,56,0.75)&#8221;][vc_column][vc_custom_heading text=&#8221;ELS NOSTRES <b>SERVEIS<\/b>&#8221; font_container=&#8221;tag:h2|font_size:48|text_align:left|color:%23ffffff|line_height:1.2&#8243; use_theme_fonts=&#8221;yes&#8221; css=&#8221;.vc_custom_1690279571282{margin-bottom: 30px !important;}&#8221; el_class=&#8221;wow fadeInUp&#8221;][vc_row_inner][vc_column_inner el_class=&#8221;wow fadeInUp&#8221; width=&#8221;1\/2&#8243;][vc_column_text css=&#8221;.vc_custom_1690279607349{padding-left: 0px !important;}&#8221;]<\/p>\n<p style=\"color: white;\">Maximitza els teus recursos, gestiona els teus actius i construeix un futur financer s\u00f2lid amb el nostre suport professional.<\/p>\n<p>[\/vc_column_text][\/vc_column_inner][vc_column_inner width=&#8221;1\/2&#8243;][\/vc_column_inner][\/vc_row_inner][\/vc_column][\/vc_row][vc_row full_width=&#8221;stretch_row&#8221; el_class=&#8221;padding-bottom-lg-100 padding-bottom-xs-50&#8243;][vc_column][vc_custom_heading text=&#8221;OFERIM <b>ELS MILLORS<\/b> SERVEIS&#8221; font_container=&#8221;tag:h2|font_size:48|text_align:left|color:%23222222&#8243; use_theme_fonts=&#8221;yes&#8221; el_class=&#8221;margin-top-lg-100&#8243;][\/vc_column][\/vc_row][vc_row css=&#8221;.vc_custom_1690276357355{padding-bottom: 80px !important;}&#8221;][vc_column width=&#8221;1\/2&#8243;][thememove_icon type=&#8221;pe7stroke&#8221; icon_pe7stroke=&#8221;pe-7s-server&#8221; size=&#8221;40px&#8221; custom_color=&#8221;#d84438&#8243; el_class=&#8221;float-left&#8221; css=&#8221;.vc_custom_1688650978311{margin-right: 10px !important;}&#8221;][vc_custom_heading text=&#8221;DESCOMPTE DE PAGAR\u00c9S&#8221; font_container=&#8221;tag:h3|font_size:16|text_align:left|color:%23222222&#8243; use_theme_fonts=&#8221;yes&#8221; tm_font_weight=&#8221;400&#8243; css=&#8221;.vc_custom_1690276302171{padding-bottom: 7px !important;}&#8221;][vc_column_text css=&#8221;.vc_custom_1694171484842{margin-bottom: 10px !important;padding-left: 70px !important;}&#8221;]El descompte de pagar\u00e9s \u00e9s una opci\u00f3 \u00e0gil, eficient i sense endeutament, que permet a les empreses mantenir el seu flux de caixa actiu i prendre decisions m\u00e9s r\u00e0pides.[\/vc_column_text][\/vc_column][vc_column width=&#8221;1\/2&#8243;][thememove_icon type=&#8221;pe7stroke&#8221; icon_pe7stroke=&#8221;pe-7s-server&#8221; size=&#8221;40px&#8221; custom_color=&#8221;#d84438&#8243; el_class=&#8221;float-left&#8221; css=&#8221;.vc_custom_1688650978311{margin-right: 10px !important;}&#8221;][vc_custom_heading text=&#8221;DESCOMPTE FINANCER&#8221; font_container=&#8221;tag:h3|font_size:16|text_align:left|color:%23222222&#8243; use_theme_fonts=&#8221;yes&#8221; tm_font_weight=&#8221;400&#8243; css=&#8221;.vc_custom_1686121483540{padding-bottom: 7px !important;}&#8221;][vc_column_text css=&#8221;.vc_custom_1694171518571{margin-bottom: 10px !important;padding-left: 70px !important;}&#8221;]Els descomptes financers s\u00f3n una eina efica\u00e7 per a les empreses que busquen obtenir liquiditat immediata i gestionar el seu flux de caixa.[\/vc_column_text][\/vc_column][\/vc_row]<\/p>\n<\/section>","protected":false},"excerpt":{"rendered":"<p>[vc_row full_width=&#8221;stretch_row&#8221; css=&#8221;.vc_custom_1690279788171{margin-bottom: 0px !important;background: #f7f7f7 url(https:\/\/escamillafinancial.com\/wp-content\/uploads\/2023\/07\/escamilla3-1.png?id=4597) !important;background-position: center !important;background-repeat: no-repeat !important;background-size: cover !important;}&#8221; el_class=&#8221;padding-top-lg-100 padding-bottom-lg-100 padding-top-xs-50 padding-bottom-xs-50&#8243; row_bg_overlay=&#8221;rgba(216,68,56,0.75)&#8221;][vc_column][vc_custom_heading text=&#8221;ELS NOSTRES SERVEIS&#8221; font_container=&#8221;tag:h2|font_size:48|text_align:left|color:%23ffffff|line_height:1.2&#8243; use_theme_fonts=&#8221;yes&#8221; css=&#8221;.vc_custom_1690279571282{margin-bottom: 30px !important;}&#8221; el_class=&#8221;wow fadeInUp&#8221;][vc_row_inner][vc_column_inner el_class=&#8221;wow fadeInUp&#8221; width=&#8221;1\/2&#8243;][vc_column_text css=&#8221;.vc_custom_1690279607349{padding-left: 0px !important;}&#8221;] Maximitza els teus recursos, gestiona els teus actius i construeix un futur financer s\u00f2lid amb el nostre suport professional. [\/vc_column_text][\/vc_column_inner][vc_column_inner width=&#8221;1\/2&#8243;][\/vc_column_inner][\/vc_row_inner][\/vc_column][\/vc_row][vc_row full_width=&#8221;stretch_row&#8221; el_class=&#8221;padding-bottom-lg-100 padding-bottom-xs-50&#8243;][vc_column][vc_custom_heading text=&#8221;OFERIM ELS MILLORS SERVEIS&#8221; font_container=&#8221;tag:h2|font_size:48|text_align:left|color:%23222222&#8243; use_theme_fonts=&#8221;yes&#8221; el_class=&#8221;margin-top-lg-100&#8243;][\/vc_column][\/vc_row][vc_row css=&#8221;.vc_custom_1690276357355{padding-bottom: 80px !important;}&#8221;][vc_column width=&#8221;1\/2&#8243;][thememove_icon type=&#8221;pe7stroke&#8221; icon_pe7stroke=&#8221;pe-7s-server&#8221; size=&#8221;40px&#8221; custom_color=&#8221;#d84438&#8243; el_class=&#8221;float-left&#8221; css=&#8221;.vc_custom_1688650978311{margin-right: 10px !important;}&#8221;][vc_custom_heading text=&#8221;DESCOMPTE DE PAGAR\u00c9S&#8221; font_container=&#8221;tag:h3|font_size:16|text_align:left|color:%23222222&#8243; use_theme_fonts=&#8221;yes&#8221; tm_font_weight=&#8221;400&#8243; css=&#8221;.vc_custom_1690276302171{padding-bottom: 7px !important;}&#8221;][vc_column_text css=&#8221;.vc_custom_1694171484842{margin-bottom: 10px !important;padding-left: 70px !important;}&#8221;]El descompte de pagar\u00e9s \u00e9s una opci\u00f3 \u00e0gil, eficient i sense endeutament, que permet a les empreses mantenir el seu flux de caixa actiu i prendre decisions m\u00e9s r\u00e0pides.[\/vc_column_text][\/vc_column][vc_column width=&#8221;1\/2&#8243;][thememove_icon type=&#8221;pe7stroke&#8221; icon_pe7stroke=&#8221;pe-7s-server&#8221; size=&#8221;40px&#8221; custom_color=&#8221;#d84438&#8243; el_class=&#8221;float-left&#8221; css=&#8221;.vc_custom_1688650978311{margin-right: 10px !important;}&#8221;][vc_custom_heading text=&#8221;DESCOMPTE FINANCER&#8221; font_container=&#8221;tag:h3|font_size:16|text_align:left|color:%23222222&#8243; use_theme_fonts=&#8221;yes&#8221; tm_font_weight=&#8221;400&#8243; css=&#8221;.vc_custom_1686121483540{padding-bottom: 7px !important;}&#8221;][vc_column_text css=&#8221;.vc_custom_1694171518571{margin-bottom: 10px !important;padding-left: 70px !important;}&#8221;]Els descomptes financers s\u00f3n una eina efica\u00e7 per a les empreses que busquen obtenir liquiditat immediata i gestionar el seu flux de caixa.[\/vc_column_text][\/vc_column][\/vc_row]<\/p>\n","protected":false},"author":1,"featured_media":0,"parent":0,"menu_order":0,"comment_status":"closed","ping_status":"closed","template":"","meta":{"_monsterinsights_skip_tracking":false,"_monsterinsights_sitenote_active":false,"_monsterinsights_sitenote_note":"","_monsterinsights_sitenote_category":0,"footnotes":""},"class_list":["post-465","page","type-page","status-publish","hentry"],"yoast_head":"<!-- This site is optimized with the Yoast SEO plugin v24.4 - https:\/\/yoast.com\/wordpress\/plugins\/seo\/ -->\n<title>Els Nostres Serveis \u00b7 Escamilla Financial Services<\/title>\n<meta name=\"description\" content=\"Els Nostres Serveis \u00b7 Escamilla Financial Services \u00b7 Maximitza els teus recursos, gestiona els teus actius i construeix un futur financer.\" \/>\n<meta name=\"robots\" content=\"index, follow, max-snippet:-1, max-image-preview:large, max-video-preview:-1\" \/>\n<link rel=\"canonical\" href=\"https:\/\/escamillafinancial.com\/serveis\/\" \/>\n<meta property=\"og:locale\" content=\"ca_ES\" \/>\n<meta property=\"og:type\" content=\"article\" \/>\n<meta property=\"og:title\" content=\"Els Nostres Serveis \u00b7 Escamilla Financial Services\" \/>\n<meta property=\"og:description\" content=\"Els Nostres Serveis \u00b7 Escamilla Financial Services \u00b7 Maximitza els teus recursos, gestiona els teus actius i construeix un futur financer.\" \/>\n<meta property=\"og:url\" content=\"https:\/\/escamillafinancial.com\/serveis\/\" \/>\n<meta property=\"og:site_name\" content=\"Escamilla Financial Services\" \/>\n<meta property=\"article:modified_time\" content=\"2023-09-14T10:02:18+00:00\" \/>\n<meta name=\"twitter:card\" content=\"summary_large_image\" \/>\n<meta name=\"twitter:label1\" content=\"Temps estimat de lectura\" \/>\n\t<meta name=\"twitter:data1\" content=\"1 minut\" \/>\n<script type=\"application\/ld+json\" class=\"yoast-schema-graph\">{\"@context\":\"https:\/\/schema.org\",\"@graph\":[{\"@type\":\"WebPage\",\"@id\":\"https:\/\/escamillafinancial.com\/serveis\/\",\"url\":\"https:\/\/escamillafinancial.com\/serveis\/\",\"name\":\"Els Nostres Serveis \u00b7 Escamilla Financial Services\",\"isPartOf\":{\"@id\":\"https:\/\/escamillafinancial.com\/#website\"},\"datePublished\":\"2015-09-25T09:36:16+00:00\",\"dateModified\":\"2023-09-14T10:02:18+00:00\",\"description\":\"Els Nostres Serveis \u00b7 Escamilla Financial Services \u00b7 Maximitza els teus recursos, gestiona els teus actius i construeix un futur financer.\",\"breadcrumb\":{\"@id\":\"https:\/\/escamillafinancial.com\/serveis\/#breadcrumb\"},\"inLanguage\":\"ca\",\"potentialAction\":[{\"@type\":\"ReadAction\",\"target\":[\"https:\/\/escamillafinancial.com\/serveis\/\"]}]},{\"@type\":\"BreadcrumbList\",\"@id\":\"https:\/\/escamillafinancial.com\/serveis\/#breadcrumb\",\"itemListElement\":[{\"@type\":\"ListItem\",\"position\":1,\"name\":\"Portada\",\"item\":\"https:\/\/escamillafinancial.com\/ca\/\"},{\"@type\":\"ListItem\",\"position\":2,\"name\":\"Els Nostres Serveis\"}]},{\"@type\":\"WebSite\",\"@id\":\"https:\/\/escamillafinancial.com\/#website\",\"url\":\"https:\/\/escamillafinancial.com\/\",\"name\":\"Escamilla Financial Services\",\"description\":\"L&#039;alternativa financera al sistema bancari - Descompte de pagar\u00e9s - Descompte financer. - Pr\u00e9stecs - Assessorament financer - Hipoteques\",\"publisher\":{\"@id\":\"https:\/\/escamillafinancial.com\/#organization\"},\"potentialAction\":[{\"@type\":\"SearchAction\",\"target\":{\"@type\":\"EntryPoint\",\"urlTemplate\":\"https:\/\/escamillafinancial.com\/?s={search_term_string}\"},\"query-input\":{\"@type\":\"PropertyValueSpecification\",\"valueRequired\":true,\"valueName\":\"search_term_string\"}}],\"inLanguage\":\"ca\"},{\"@type\":\"Organization\",\"@id\":\"https:\/\/escamillafinancial.com\/#organization\",\"name\":\"Escamilla Financial Services\",\"url\":\"https:\/\/escamillafinancial.com\/\",\"logo\":{\"@type\":\"ImageObject\",\"inLanguage\":\"ca\",\"@id\":\"https:\/\/escamillafinancial.com\/#\/schema\/logo\/image\/\",\"url\":\"https:\/\/escamillafinancial.com\/wp-content\/uploads\/2023\/07\/logo-escamilla_60cm.png\",\"contentUrl\":\"https:\/\/escamillafinancial.com\/wp-content\/uploads\/2023\/07\/logo-escamilla_60cm.png\",\"width\":1701,\"height\":941,\"caption\":\"Escamilla Financial Services\"},\"image\":{\"@id\":\"https:\/\/escamillafinancial.com\/#\/schema\/logo\/image\/\"}}]}<\/script>\n<!-- \/ Yoast SEO plugin. -->","yoast_head_json":{"title":"Els Nostres Serveis \u00b7 Escamilla Financial Services","description":"Els Nostres Serveis \u00b7 Escamilla Financial Services \u00b7 Maximitza els teus recursos, gestiona els teus actius i construeix un futur financer.","robots":{"index":"index","follow":"follow","max-snippet":"max-snippet:-1","max-image-preview":"max-image-preview:large","max-video-preview":"max-video-preview:-1"},"canonical":"https:\/\/escamillafinancial.com\/serveis\/","og_locale":"ca_ES","og_type":"article","og_title":"Els Nostres Serveis \u00b7 Escamilla Financial Services","og_description":"Els Nostres Serveis \u00b7 Escamilla Financial Services \u00b7 Maximitza els teus recursos, gestiona els teus actius i construeix un futur financer.","og_url":"https:\/\/escamillafinancial.com\/serveis\/","og_site_name":"Escamilla Financial Services","article_modified_time":"2023-09-14T10:02:18+00:00","twitter_card":"summary_large_image","twitter_misc":{"Temps estimat de lectura":"1 minut"},"schema":{"@context":"https:\/\/schema.org","@graph":[{"@type":"WebPage","@id":"https:\/\/escamillafinancial.com\/serveis\/","url":"https:\/\/escamillafinancial.com\/serveis\/","name":"Els Nostres Serveis \u00b7 Escamilla Financial Services","isPartOf":{"@id":"https:\/\/escamillafinancial.com\/#website"},"datePublished":"2015-09-25T09:36:16+00:00","dateModified":"2023-09-14T10:02:18+00:00","description":"Els Nostres Serveis \u00b7 Escamilla Financial Services \u00b7 Maximitza els teus recursos, gestiona els teus actius i construeix un futur financer.","breadcrumb":{"@id":"https:\/\/escamillafinancial.com\/serveis\/#breadcrumb"},"inLanguage":"ca","potentialAction":[{"@type":"ReadAction","target":["https:\/\/escamillafinancial.com\/serveis\/"]}]},{"@type":"BreadcrumbList","@id":"https:\/\/escamillafinancial.com\/serveis\/#breadcrumb","itemListElement":[{"@type":"ListItem","position":1,"name":"Portada","item":"https:\/\/escamillafinancial.com\/ca\/"},{"@type":"ListItem","position":2,"name":"Els Nostres Serveis"}]},{"@type":"WebSite","@id":"https:\/\/escamillafinancial.com\/#website","url":"https:\/\/escamillafinancial.com\/","name":"Escamilla Financial Services","description":"L&#039;alternativa financera al sistema bancari - Descompte de pagar\u00e9s - Descompte financer. - Pr\u00e9stecs - Assessorament financer - Hipoteques","publisher":{"@id":"https:\/\/escamillafinancial.com\/#organization"},"potentialAction":[{"@type":"SearchAction","target":{"@type":"EntryPoint","urlTemplate":"https:\/\/escamillafinancial.com\/?s={search_term_string}"},"query-input":{"@type":"PropertyValueSpecification","valueRequired":true,"valueName":"search_term_string"}}],"inLanguage":"ca"},{"@type":"Organization","@id":"https:\/\/escamillafinancial.com\/#organization","name":"Escamilla Financial Services","url":"https:\/\/escamillafinancial.com\/","logo":{"@type":"ImageObject","inLanguage":"ca","@id":"https:\/\/escamillafinancial.com\/#\/schema\/logo\/image\/","url":"https:\/\/escamillafinancial.com\/wp-content\/uploads\/2023\/07\/logo-escamilla_60cm.png","contentUrl":"https:\/\/escamillafinancial.com\/wp-content\/uploads\/2023\/07\/logo-escamilla_60cm.png","width":1701,"height":941,"caption":"Escamilla Financial Services"},"image":{"@id":"https:\/\/escamillafinancial.com\/#\/schema\/logo\/image\/"}}]}},"rttpg_featured_image_url":null,"rttpg_author":{"display_name":"Eneutra","author_link":"https:\/\/escamillafinancial.com\/ca\/author\/eneutra\/"},"rttpg_comment":0,"rttpg_category":" <a href=\"https:\/\/escamillafinancial.com\/ca\/?taxonomy=translation_priority&#038;term=optional\" rel=\"tag\">Optional<\/a>","rttpg_excerpt":"[vc_row full_width=&#8221;stretch_row&#8221; css=&#8221;.vc_custom_1690279788171{margin-bottom: 0px !important;background: #f7f7f7 url(https:\/\/escamillafinancial.com\/wp-content\/uploads\/2023\/07\/escamilla3-1.png?id=4597) !important;background-position: center !important;background-repeat: no-repeat !important;background-size: cover !important;}&#8221; el_class=&#8221;padding-top-lg-100 padding-bottom-lg-100 padding-top-xs-50 padding-bottom-xs-50&#8243; row_bg_overlay=&#8221;rgba(216,68,56,0.75)&#8221;][vc_column][vc_custom_heading text=&#8221;ELS NOSTRES SERVEIS&#8221; font_container=&#8221;tag:h2|font_size:48|text_align:left|color:%23ffffff|line_height:1.2&#8243; use_theme_fonts=&#8221;yes&#8221; css=&#8221;.vc_custom_1690279571282{margin-bottom: 30px !important;}&#8221; el_class=&#8221;wow fadeInUp&#8221;][vc_row_inner][vc_column_inner el_class=&#8221;wow fadeInUp&#8221; width=&#8221;1\/2&#8243;][vc_column_text css=&#8221;.vc_custom_1690279607349{padding-left: 0px !important;}&#8221;] Maximitza els teus recursos, gestiona els teus actius i construeix un futur financer s\u00f2lid amb el nostre suport professional. [\/vc_column_text][\/vc_column_inner][vc_column_inner&hellip;","_links":{"self":[{"href":"https:\/\/escamillafinancial.com\/ca\/wp-json\/wp\/v2\/pages\/465","targetHints":{"allow":["GET"]}}],"collection":[{"href":"https:\/\/escamillafinancial.com\/ca\/wp-json\/wp\/v2\/pages"}],"about":[{"href":"https:\/\/escamillafinancial.com\/ca\/wp-json\/wp\/v2\/types\/page"}],"author":[{"embeddable":true,"href":"https:\/\/escamillafinancial.com\/ca\/wp-json\/wp\/v2\/users\/1"}],"replies":[{"embeddable":true,"href":"https:\/\/escamillafinancial.com\/ca\/wp-json\/wp\/v2\/comments?post=465"}],"version-history":[{"count":50,"href":"https:\/\/escamillafinancial.com\/ca\/wp-json\/wp\/v2\/pages\/465\/revisions"}],"predecessor-version":[{"id":4928,"href":"https:\/\/escamillafinancial.com\/ca\/wp-json\/wp\/v2\/pages\/465\/revisions\/4928"}],"wp:attachment":[{"href":"https:\/\/escamillafinancial.com\/ca\/wp-json\/wp\/v2\/media?parent=465"}],"curies":[{"name":"wp","href":"https:\/\/api.w.org\/{rel}","templated":true}]}}